{"id":1672,"date":"2015-02-24T11:49:00","date_gmt":"2015-02-24T16:49:00","guid":{"rendered":"http:\/\/motortest.com.pe\/taller\/?page_id=1672"},"modified":"2015-02-24T15:04:00","modified_gmt":"2015-02-24T20:04:00","slug":"servicios-servicio-integral","status":"publish","type":"page","link":"http:\/\/motortest.com.pe\/taller\/servicios-servicio-integral\/","title":{"rendered":"<span class=\"light\">Servicio<\/span> Integral"},"content":{"rendered":"<p><img loading=\"lazy\" class=\"size-full wp-image-1577 alignleft\" src=\"http:\/\/motortest.com.pe\/taller\/wp-content\/uploads\/2014\/11\/foto_servicios1.jpg\" alt=\"foto_servicios1\" width=\"250\" height=\"196\" \/><\/p>\n<h2><span style=\"color: #333333;\">Somos tu taller de confianza<br \/>\n<\/span><\/h2>\n<p>Nuestra experiencia de mas de 20 a\u00f1os en el rubro junto a nuestra infraestructura, equipos y personal, nos permiten ofrecerle un servicio integral, garantizado, r\u00e1pido y de calidad.<\/p>\n<h2><span style=\"color: #333333;\">Personal calificado y de amplia experiencia<br \/>\n<\/span><\/h2>\n<p>Contamos con un selecto grupo de mec\u00e1nicos capacitados y especializados en diversas \u00e1reas de la mec\u00e1nica, lo cual le garantiza un trabajo serio, sin p\u00e9rdida de objetos ni cambio de piezas, nuestra confiabilidad es nuestra mejor carta de presentacion.<\/p>\n<h2><\/h2>\n<h2><\/h2>\n<p>&nbsp;<\/p>\n<hr \/>\n<p><img loading=\"lazy\" class=\"size-full wp-image-1585 alignright\" src=\"http:\/\/motortest.com.pe\/taller\/wp-content\/uploads\/2014\/03\/1-performance-upgrades-300x199.jpg\" alt=\"1-performance-upgrades-300x199\" width=\"300\" height=\"199\" \/><\/p>\n<h2><span style=\"color: #ff6600;\"><span style=\"color: #333333;\">Cuenta con nosotros para:<\/span><\/span><\/h2>\n<ul>\n<li><span style=\"color: #333333;\">Mantenimiento Preventivo para Veh\u00edculos Gasolineros y Diesel<\/span><\/li>\n<li><span style=\"color: #333333;\">Recojo y Entrega de su Veh\u00edculo en sus Oficinas o Donde nos lo Indiquen<\/span><\/li>\n<li><span style=\"color: #333333;\">Atenci\u00f3n Nocturna (previa coordinaci\u00f3n)<\/span><\/li>\n<\/ul>\n<p>&nbsp;<\/p>\n<p>&nbsp;<\/p>\n<p>&nbsp;<\/p>\n<p>&nbsp;<\/p>\n<hr \/>\n<p><img loading=\"lazy\" class=\"size-medium wp-image-1566 alignright\" src=\"http:\/\/motortest.com.pe\/taller\/wp-content\/uploads\/2014\/03\/tumblr_static_mysite1-300x222.jpg\" alt=\"tumblr_static_mysite1\" width=\"300\" height=\"222\" srcset=\"http:\/\/motortest.com.pe\/taller\/wp-content\/uploads\/2014\/03\/tumblr_static_mysite1-300x222.jpg 300w, http:\/\/motortest.com.pe\/taller\/wp-content\/uploads\/2014\/03\/tumblr_static_mysite1-1024x760.jpg 1024w\" sizes=\"(max-width: 300px) 100vw, 300px\" \/><\/p>\n<h2><span style=\"color: #ff6600;\"><span style=\"color: #333333;\">Nuestros servicios<br \/>\n<\/span><\/span><\/h2>\n<p>Pensando en ustedes, as\u00ed como en mantener sus veh\u00edculos en perfectas condiciones de funcionamiento, porque usted solo debe preocuparse \u00fanicamente en conducir su veh\u00edculo, le ofrecemos lo siguiente:<\/p>\n<ul>\n<li><span style=\"color: #333333;\">Mec\u00e1nica General Diesel y Gasolinero<\/span><\/li>\n<li><span style=\"color: #333333;\">Sistema de Inyecci\u00f3n Diesel y Gasolinero<\/span><\/li>\n<li><span style=\"color: #333333;\">Sistema El\u00e9ctrico<\/span><\/li>\n<li><span style=\"color: #333333;\">Suspensi\u00f3n y Direcci\u00f3n<\/span><\/li>\n<li><span style=\"color: #333333;\">Medici\u00f3n de Gases (autos gasolineros)<\/span><\/li>\n<li><span style=\"color: #333333;\">Medici\u00f3n de Opacidad (autos diesel)<\/span><\/li>\n<li><span style=\"color: #333333;\">Reparaci\u00f3n de Motores Gasolineros y Petroleros<\/span><\/li>\n<li><span style=\"color: #333333;\">Reparaci\u00f3n de Cajas Mec\u00e1nicas y Autom\u00e1ticas<\/span><\/li>\n<li><span style=\"color: #333333;\">Sistema de Frenos Convencional<\/span><\/li>\n<li><span style=\"color: #333333;\">Sistema de Frenos ABS<\/span><\/li>\n<li><span style=\"color: #333333;\">Limpieza de Inyectores<\/span><\/li>\n<li><span style=\"color: #333333;\">Limpieza de Toberas<\/span><\/li>\n<li><span style=\"color: #333333;\">Bombas de Inyecci\u00f3n<\/span><\/li>\n<li><span style=\"color: #333333;\">Sistema de Aire Acondicionado<\/span><\/li>\n<li><span style=\"color: #333333;\">Auxilio Mec\u00e1nico<\/span><\/li>\n<li><span style=\"color: #333333;\">Consulte por otros Servicios.<\/span><\/li>\n<\/ul>\n<p>Si desea mas informacion no dude en enviarnos sus consultas<\/p>\n","protected":false},"excerpt":{"rendered":"<p>Somos tu taller de confianza Nuestra experiencia de mas de 20 a\u00f1os en el rubro junto a nuestra infraestructura, equipos [&hellip;]<\/p>\n","protected":false},"author":1,"featured_media":0,"parent":0,"menu_order":0,"comment_status":"open","ping_status":"open","template":"","meta":[],"_links":{"self":[{"href":"http:\/\/motortest.com.pe\/taller\/wp-json\/wp\/v2\/pages\/1672"}],"collection":[{"href":"http:\/\/motortest.com.pe\/taller\/wp-json\/wp\/v2\/pages"}],"about":[{"href":"http:\/\/motortest.com.pe\/taller\/wp-json\/wp\/v2\/types\/page"}],"author":[{"embeddable":true,"href":"http:\/\/motortest.com.pe\/taller\/wp-json\/wp\/v2\/users\/1"}],"replies":[{"embeddable":true,"href":"http:\/\/motortest.com.pe\/taller\/wp-json\/wp\/v2\/comments?post=1672"}],"version-history":[{"count":3,"href":"http:\/\/motortest.com.pe\/taller\/wp-json\/wp\/v2\/pages\/1672\/revisions"}],"predecessor-version":[{"id":1686,"href":"http:\/\/motortest.com.pe\/taller\/wp-json\/wp\/v2\/pages\/1672\/revisions\/1686"}],"wp:attachment":[{"href":"http:\/\/motortest.com.pe\/taller\/wp-json\/wp\/v2\/media?parent=1672"}],"curies":[{"name":"wp","href":"https:\/\/api.w.org\/{rel}","templated":true}]}}