{"id":1609,"date":"2014-11-20T03:36:34","date_gmt":"2014-11-20T08:36:34","guid":{"rendered":"http:\/\/motortest.com.pe\/taller\/?page_id=1609"},"modified":"2015-02-23T10:06:10","modified_gmt":"2015-02-23T15:06:10","slug":"quienes-somos","status":"publish","type":"page","link":"http:\/\/motortest.com.pe\/taller\/quienes-somos\/","title":{"rendered":"<span class=\"light\">QUIENES<\/span> SOMOS"},"content":{"rendered":"<p style=\"padding-left: 30px;\"><a href=\"http:\/\/motortest.com.pe\/taller\/wp-content\/uploads\/2014\/11\/foto_servicios2.jpg\"><img loading=\"lazy\" class=\"size-full wp-image-1578 alignleft\" src=\"http:\/\/motortest.com.pe\/taller\/wp-content\/uploads\/2014\/11\/foto_servicios2.jpg\" alt=\"foto_servicios2\" width=\"250\" height=\"196\" \/><\/a><br \/>\nMotorTest re\u00fane a un selecto grupo de mec\u00e1nicos capacitados y especializados en diversas \u00e1reas de la mec\u00e1nica, todos ellos bajo la direcci\u00f3n del Sr. Tiravanti.<\/p>\n<p>La experiencia y capacidad de MotorTest le permiten ofrecer un servicio de calidad.<\/p>\n<p>&nbsp;<\/p>\n<p>&nbsp;<\/p>\n<p>&nbsp;<\/p>\n<p>&nbsp;<\/p>\n<p style=\"padding-left: 30px;\"><a href=\"http:\/\/motortest.com.pe\/taller\/wp-content\/uploads\/2014\/11\/foto_servicios1.jpg\"><img loading=\"lazy\" class=\"size-full wp-image-1577 alignleft\" src=\"http:\/\/motortest.com.pe\/taller\/wp-content\/uploads\/2014\/11\/foto_servicios1.jpg\" alt=\"foto_servicios1\" width=\"250\" height=\"196\" \/><\/a><\/p>\n<p>MotorTest le garantiza un trabajo serio, sin p\u00e9rdida de objetos ni cambio de piezas.<\/p>\n<p>Conf\u00edenos su auto y compruebe la calidad de nuestro servicio.<\/p>\n<p>&nbsp;<\/p>\n<p>&nbsp;<\/p>\n<p>&nbsp;<\/p>\n","protected":false},"excerpt":{"rendered":"<p>MotorTest re\u00fane a un selecto grupo de mec\u00e1nicos capacitados y especializados en diversas \u00e1reas de la mec\u00e1nica, todos ellos bajo [&hellip;]<\/p>\n","protected":false},"author":1,"featured_media":0,"parent":0,"menu_order":0,"comment_status":"open","ping_status":"open","template":"","meta":[],"_links":{"self":[{"href":"http:\/\/motortest.com.pe\/taller\/wp-json\/wp\/v2\/pages\/1609"}],"collection":[{"href":"http:\/\/motortest.com.pe\/taller\/wp-json\/wp\/v2\/pages"}],"about":[{"href":"http:\/\/motortest.com.pe\/taller\/wp-json\/wp\/v2\/types\/page"}],"author":[{"embeddable":true,"href":"http:\/\/motortest.com.pe\/taller\/wp-json\/wp\/v2\/users\/1"}],"replies":[{"embeddable":true,"href":"http:\/\/motortest.com.pe\/taller\/wp-json\/wp\/v2\/comments?post=1609"}],"version-history":[{"count":5,"href":"http:\/\/motortest.com.pe\/taller\/wp-json\/wp\/v2\/pages\/1609\/revisions"}],"predecessor-version":[{"id":1631,"href":"http:\/\/motortest.com.pe\/taller\/wp-json\/wp\/v2\/pages\/1609\/revisions\/1631"}],"wp:attachment":[{"href":"http:\/\/motortest.com.pe\/taller\/wp-json\/wp\/v2\/media?parent=1609"}],"curies":[{"name":"wp","href":"https:\/\/api.w.org\/{rel}","templated":true}]}}